{"id":2029,"date":"2022-09-12T08:59:44","date_gmt":"2022-09-12T08:59:44","guid":{"rendered":"https:\/\/www.cozumelsnorkelcenter.com\/?page_id=2029"},"modified":"2025-02-02T14:12:10","modified_gmt":"2025-02-02T19:12:10","slug":"rcsc001","status":"publish","type":"page","link":"https:\/\/www.cozumelsnorkelcenter.com\/es\/booking\/rcsc001\/","title":{"rendered":"(RCSC001) Cozumel Clear Boat Tour"},"content":{"rendered":"<div data-elementor-type=\"wp-page\" data-elementor-id=\"2029\" class=\"elementor elementor-2029\" data-elementor-post-type=\"page\">\n\t\t\t\t\t\t<section class=\"elementor-section elementor-top-section elementor-element elementor-element-2524fe44 elementor-section-height-min-height elementor-section-full_width elementor-section-items-stretch elementor-section-content-middle elementor-section-height-default\" data-id=\"2524fe44\" data-element_type=\"section\" data-e-type=\"section\" data-settings=\"{&quot;background_background&quot;:&quot;classic&quot;,&quot;shape_divider_bottom&quot;:&quot;wave-brush&quot;}\">\n\t\t\t\t\t\t\t<div class=\"elementor-background-overlay\"><\/div>\n\t\t\t\t\t\t<div class=\"elementor-shape elementor-shape-bottom\" aria-hidden=\"true\" data-negative=\"false\">\n\t\t\t<svg xmlns=\"http:\/\/www.w3.org\/2000\/svg\" viewbox=\"0 0 283.5 27.8\" preserveaspectratio=\"none\">\n\t<path class=\"elementor-shape-fill\" d=\"M283.5,9.7c0,0-7.3,4.3-14,4.6c-6.8,0.3-12.6,0-20.9-1.5c-11.3-2-33.1-10.1-44.7-5.7\ts-12.1,4.6-18,7.4c-6.6,3.2-20,9.6-36.6,9.3C131.6,23.5,99.5,7.2,86.3,8c-1.4,0.1-6.6,0.8-10.5,2c-3.8,1.2-9.4,3.8-17,4.7\tc-3.2,0.4-8.3,1.1-14.2,0.9c-1.5-0.1-6.3-0.4-12-1.6c-5.7-1.2-11-3.1-15.8-3.7C6.5,9.2,0,10.8,0,10.8V0h283.5V9.7z M260.8,11.3\tc-0.7-1-2-0.4-4.3-0.4c-2.3,0-6.1-1.2-5.8-1.1c0.3,0.1,3.1,1.5,6,1.9C259.7,12.2,261.4,12.3,260.8,11.3z M242.4,8.6\tc0,0-2.4-0.2-5.6-0.9c-3.2-0.8-10.3-2.8-15.1-3.5c-8.2-1.1-15.8,0-15.1,0.1c0.8,0.1,9.6-0.6,17.6,1.1c3.3,0.7,9.3,2.2,12.4,2.7\tC239.9,8.7,242.4,8.6,242.4,8.6z M185.2,8.5c1.7-0.7-13.3,4.7-18.5,6.1c-2.1,0.6-6.2,1.6-10,2c-3.9,0.4-8.9,0.4-8.8,0.5\tc0,0.2,5.8,0.8,11.2,0c5.4-0.8,5.2-1.1,7.6-1.6C170.5,14.7,183.5,9.2,185.2,8.5z M199.1,6.9c0.2,0-0.8-0.4-4.8,1.1\tc-4,1.5-6.7,3.5-6.9,3.7c-0.2,0.1,3.5-1.8,6.6-3C197,7.5,199,6.9,199.1,6.9z M283,6c-0.1,0.1-1.9,1.1-4.8,2.5s-6.9,2.8-6.7,2.7\tc0.2,0,3.5-0.6,7.4-2.5C282.8,6.8,283.1,5.9,283,6z M31.3,11.6c0.1-0.2-1.9-0.2-4.5-1.2s-5.4-1.6-7.8-2C15,7.6,7.3,8.5,7.7,8.6\tC8,8.7,15.9,8.3,20.2,9.3c2.2,0.5,2.4,0.5,5.7,1.6S31.2,11.9,31.3,11.6z M73,9.2c0.4-0.1,3.5-1.6,8.4-2.6c4.9-1.1,8.9-0.5,8.9-0.8\tc0-0.3-1-0.9-6.2-0.3S72.6,9.3,73,9.2z M71.6,6.7C71.8,6.8,75,5.4,77.3,5c2.3-0.3,1.9-0.5,1.9-0.6c0-0.1-1.1-0.2-2.7,0.2\tC74.8,5.1,71.4,6.6,71.6,6.7z M93.6,4.4c0.1,0.2,3.5,0.8,5.6,1.8c2.1,1,1.8,0.6,1.9,0.5c0.1-0.1-0.8-0.8-2.4-1.3\tC97.1,4.8,93.5,4.2,93.6,4.4z M65.4,11.1c-0.1,0.3,0.3,0.5,1.9-0.2s2.6-1.3,2.2-1.2s-0.9,0.4-2.5,0.8C65.3,10.9,65.5,10.8,65.4,11.1\tz M34.5,12.4c-0.2,0,2.1,0.8,3.3,0.9c1.2,0.1,2,0.1,2-0.2c0-0.3-0.1-0.5-1.6-0.4C36.6,12.8,34.7,12.4,34.5,12.4z M152.2,21.1\tc-0.1,0.1-2.4-0.3-7.5-0.3c-5,0-13.6-2.4-17.2-3.5c-3.6-1.1,10,3.9,16.5,4.1C150.5,21.6,152.3,21,152.2,21.1z\"\/>\n\t<path class=\"elementor-shape-fill\" d=\"M269.6,18c-0.1-0.1-4.6,0.3-7.2,0c-7.3-0.7-17-3.2-16.6-2.9c0.4,0.3,13.7,3.1,17,3.3\tC267.7,18.8,269.7,18,269.6,18z\"\/>\n\t<path class=\"elementor-shape-fill\" d=\"M227.4,9.8c-0.2-0.1-4.5-1-9.5-1.2c-5-0.2-12.7,0.6-12.3,0.5c0.3-0.1,5.9-1.8,13.3-1.2\tS227.6,9.9,227.4,9.8z\"\/>\n\t<path class=\"elementor-shape-fill\" d=\"M204.5,13.4c-0.1-0.1,2-1,3.2-1.1c1.2-0.1,2,0,2,0.3c0,0.3-0.1,0.5-1.6,0.4\tC206.4,12.9,204.6,13.5,204.5,13.4z\"\/>\n\t<path class=\"elementor-shape-fill\" d=\"M201,10.6c0-0.1-4.4,1.2-6.3,2.2c-1.9,0.9-6.2,3.1-6.1,3.1c0.1,0.1,4.2-1.6,6.3-2.6\tS201,10.7,201,10.6z\"\/>\n\t<path class=\"elementor-shape-fill\" d=\"M154.5,26.7c-0.1-0.1-4.6,0.3-7.2,0c-7.3-0.7-17-3.2-16.6-2.9c0.4,0.3,13.7,3.1,17,3.3\tC152.6,27.5,154.6,26.8,154.5,26.7z\"\/>\n\t<path class=\"elementor-shape-fill\" d=\"M41.9,19.3c0,0,1.2-0.3,2.9-0.1c1.7,0.2,5.8,0.9,8.2,0.7c4.2-0.4,7.4-2.7,7-2.6\tc-0.4,0-4.3,2.2-8.6,1.9c-1.8-0.1-5.1-0.5-6.7-0.4S41.9,19.3,41.9,19.3z\"\/>\n\t<path class=\"elementor-shape-fill\" d=\"M75.5,12.6c0.2,0.1,2-0.8,4.3-1.1c2.3-0.2,2.1-0.3,2.1-0.5c0-0.1-1.8-0.4-3.4,0\tC76.9,11.5,75.3,12.5,75.5,12.6z\"\/>\n\t<path class=\"elementor-shape-fill\" d=\"M15.6,13.2c0-0.1,4.3,0,6.7,0.5c2.4,0.5,5,1.9,5,2c0,0.1-2.7-0.8-5.1-1.4\tC19.9,13.7,15.7,13.3,15.6,13.2z\"\/>\n<\/svg>\t\t<\/div>\n\t\t\t\t\t<div class=\"elementor-container elementor-column-gap-default\">\n\t\t\t\t\t<div class=\"elementor-column elementor-col-100 elementor-top-column elementor-element elementor-element-44efcc31\" data-id=\"44efcc31\" data-element_type=\"column\" data-e-type=\"column\">\n\t\t\t<div class=\"elementor-widget-wrap elementor-element-populated\">\n\t\t\t\t\t\t<section class=\"elementor-section elementor-inner-section elementor-element elementor-element-ed153b7 elementor-section-height-min-height elementor-section-boxed elementor-section-height-default\" data-id=\"ed153b7\" data-element_type=\"section\" data-e-type=\"section\" data-settings=\"{&quot;background_background&quot;:&quot;classic&quot;}\">\n\t\t\t\t\t\t<div class=\"elementor-container elementor-column-gap-default\">\n\t\t\t\t\t<div class=\"elementor-column elementor-col-100 elementor-inner-column elementor-element elementor-element-61fdbaad\" data-id=\"61fdbaad\" data-element_type=\"column\" data-e-type=\"column\">\n\t\t\t<div class=\"elementor-widget-wrap elementor-element-populated\">\n\t\t\t\t\t\t<div class=\"elementor-element elementor-element-8b560a8 elementor-widget elementor-widget-image\" data-id=\"8b560a8\" data-element_type=\"widget\" data-e-type=\"widget\" data-widget_type=\"image.default\">\n\t\t\t\t<div class=\"elementor-widget-container\">\n\t\t\t\t\t\t\t\t\t\t\t\t\t\t\t<img fetchpriority=\"high\" decoding=\"async\" width=\"800\" height=\"368\" src=\"https:\/\/www.cozumelsnorkelcenter.com\/wp-content\/uploads\/2022\/05\/csc_logo_white_tr.png\" class=\"attachment-large size-large wp-image-533\" alt=\"\" srcset=\"https:\/\/www.cozumelsnorkelcenter.com\/wp-content\/uploads\/2022\/05\/csc_logo_white_tr.png.webp 1000w, https:\/\/www.cozumelsnorkelcenter.com\/wp-content\/uploads\/2022\/05\/csc_logo_white_tr-300x138.png.webp 300w, https:\/\/www.cozumelsnorkelcenter.com\/wp-content\/uploads\/2022\/05\/csc_logo_white_tr-768x353.png.webp 768w, https:\/\/www.cozumelsnorkelcenter.com\/wp-content\/uploads\/2022\/05\/csc_logo_white_tr-18x8.png.webp 18w, https:\/\/www.cozumelsnorkelcenter.com\/wp-content\/uploads\/2022\/05\/csc_logo_white_tr-600x276.png.webp 600w\" sizes=\"(max-width: 800px) 100vw, 800px\" \/>\t\t\t\t\t\t\t\t\t\t\t\t\t\t\t<\/div>\n\t\t\t\t<\/div>\n\t\t\t\t<div class=\"elementor-element elementor-element-e54c735 elementor-widget elementor-widget-heading\" data-id=\"e54c735\" data-element_type=\"widget\" data-e-type=\"widget\" data-widget_type=\"heading.default\">\n\t\t\t\t<div class=\"elementor-widget-container\">\n\t\t\t\t\t<h1 class=\"elementor-heading-title elementor-size-default\">Clear Boat Tour<\/h1>\t\t\t\t<\/div>\n\t\t\t\t<\/div>\n\t\t\t\t<div class=\"elementor-element elementor-element-62cb3ba elementor-widget elementor-widget-text-editor\" data-id=\"62cb3ba\" data-element_type=\"widget\" data-e-type=\"widget\" data-widget_type=\"text-editor.default\">\n\t\t\t\t<div class=\"elementor-widget-container\">\n\t\t\t\t\t\t\t\t\t<p>Seleccione el tama\u00f1o de su grupo y la fecha preferida.<\/p><p>Le mostraremos la disponibilidad de cada velero antes de que haga su reserva.<\/p><p>Los pagos con tarjeta se gestionan de forma segura mediante Stripe.<\/p><p>Cancelaci\u00f3n gratuita; s\u00f3lo tiene que avisar con 24 horas de antelaci\u00f3n.<\/p><p><a href=\"https:\/\/www.cozumelsnorkelcenter.com\/es\/tours\/cozumel-clear-boat-tour\/\">Ver la p\u00e1gina del recorrido<\/a><\/p><p><a href=\"\/es\/terms\/\" target=\"_blank\" rel=\"noopener\">Condiciones de reserva (abre una nueva ventana)<\/a><\/p>\t\t\t\t\t\t\t\t<\/div>\n\t\t\t\t<\/div>\n\t\t\t\t\t<\/div>\n\t\t<\/div>\n\t\t\t\t\t<\/div>\n\t\t<\/section>\n\t\t\t\t<section class=\"elementor-section elementor-inner-section elementor-element elementor-element-988f21b elementor-section-boxed elementor-section-height-default elementor-section-height-default\" data-id=\"988f21b\" data-element_type=\"section\" data-e-type=\"section\" data-settings=\"{&quot;background_background&quot;:&quot;classic&quot;}\">\n\t\t\t\t\t\t<div class=\"elementor-container elementor-column-gap-default\">\n\t\t\t\t\t<div class=\"elementor-column elementor-col-100 elementor-inner-column elementor-element elementor-element-0b073ca\" data-id=\"0b073ca\" data-element_type=\"column\" data-e-type=\"column\">\n\t\t\t<div class=\"elementor-widget-wrap elementor-element-populated\">\n\t\t\t\t\t\t<div class=\"elementor-element elementor-element-55b572d elementor-widget elementor-widget-heading\" data-id=\"55b572d\" data-element_type=\"widget\" data-e-type=\"widget\" data-widget_type=\"heading.default\">\n\t\t\t\t<div class=\"elementor-widget-container\">\n\t\t\t\t\t<h1 class=\"elementor-heading-title elementor-size-default\">Reservar<\/h1>\t\t\t\t<\/div>\n\t\t\t\t<\/div>\n\t\t\t\t<div class=\"elementor-element elementor-element-0ed669c elementor-widget elementor-widget-text-editor\" data-id=\"0ed669c\" data-element_type=\"widget\" data-e-type=\"widget\" data-widget_type=\"text-editor.default\">\n\t\t\t\t<div class=\"elementor-widget-container\">\n\t\t\t\t\t\t\t\t\t<p>Todas las horas indicadas corresponden a la zona horaria local de Cozumel, que puede diferir de la zona horaria de su crucero. Compru\u00e9belo antes de reservar.<strong><br \/><\/strong><\/p>\t\t\t\t\t\t\t\t<\/div>\n\t\t\t\t<\/div>\n\t\t\t\t<div class=\"elementor-element elementor-element-7ee4285 elementor-widget elementor-widget-text-editor\" data-id=\"7ee4285\" data-element_type=\"widget\" data-e-type=\"widget\" data-widget_type=\"text-editor.default\">\n\t\t\t\t<div class=\"elementor-widget-container\">\n\t\t\t\t\t\t\t\t\t<script type=\"text\/javascript\" src=\"https:\/\/widgets.bokun.io\/assets\/javascripts\/apps\/build\/BokunWidgetsLoader.js?bookingChannelUUID=37e211bc-fc6a-4424-b747-459205e55d03\" async><\/script>\n     \n    <div class=\"bokunWidget\" data-src=\"https:\/\/widgets.bokun.io\/online-sales\/37e211bc-fc6a-4424-b747-459205e55d03\/experience\/712740\"><\/div>\n    <noscript>Please enable javascript in your browser to book<\/noscript>\n\t\t\t\t\t\t\t\t<\/div>\n\t\t\t\t<\/div>\n\t\t\t\t\t<\/div>\n\t\t<\/div>\n\t\t\t\t\t<\/div>\n\t\t<\/section>\n\t\t\t\t\t<\/div>\n\t\t<\/div>\n\t\t\t\t\t<\/div>\n\t\t<\/section>\n\t\t\t\t<\/div>","protected":false},"excerpt":{"rendered":"<p>Clear Boat Tour Select your group size and preferred date. We&#8217;ll show you the availability for each sailing before you make your booking. Card payments are securely handled using Stripe. Free cancellation; just provide 24 hours&#8217; notice. View the tour page Booking terms (opens new window) Booking All times shown are for Cozumel&#8217;s local timezone, [&hellip;]<\/p>\n","protected":false},"author":1,"featured_media":521,"parent":1829,"menu_order":0,"comment_status":"closed","ping_status":"closed","template":"","meta":{"_monsterinsights_skip_tracking":false,"_monsterinsights_sitenote_active":false,"_monsterinsights_sitenote_note":"","_monsterinsights_sitenote_category":0,"footnotes":""},"class_list":["post-2029","page","type-page","status-publish","has-post-thumbnail","hentry"],"yoast_head":"<!-- This site is optimized with the Yoast SEO plugin v27.3 - https:\/\/yoast.com\/product\/yoast-seo-wordpress\/ -->\n<title>Book a Cozumel Clear Boat Tour - Cozumel Snorkel Center<\/title>\n<meta name=\"description\" content=\"Online booking for El Cielo snorkel tours in Cozumel. Come join Cozumel Snorkel Center for the perfect snorkeling trip experience!\" \/>\n<meta name=\"robots\" content=\"noindex, follow\" \/>\n<meta property=\"og:locale\" content=\"es_MX\" \/>\n<meta property=\"og:type\" content=\"article\" \/>\n<meta property=\"og:title\" content=\"Book a Cozumel Clear Boat Tour - Cozumel Snorkel Center\" \/>\n<meta property=\"og:description\" content=\"Online booking for El Cielo snorkel tours in Cozumel. Come join Cozumel Snorkel Center for the perfect snorkeling trip experience!\" \/>\n<meta property=\"og:url\" content=\"https:\/\/www.cozumelsnorkelcenter.com\/es\/booking\/rcsc001\/\" \/>\n<meta property=\"og:site_name\" content=\"Cozumel Snorkel Center\" \/>\n<meta property=\"article:publisher\" content=\"https:\/\/www.facebook.com\/cozumelsnorkelcenter\" \/>\n<meta property=\"article:modified_time\" content=\"2025-02-02T19:12:10+00:00\" \/>\n<meta property=\"og:image\" content=\"https:\/\/www.cozumelsnorkelcenter.com\/wp-content\/uploads\/2022\/05\/clearboat-2.jpg\" \/>\n\t<meta property=\"og:image:width\" content=\"1500\" \/>\n\t<meta property=\"og:image:height\" content=\"1000\" \/>\n\t<meta property=\"og:image:type\" content=\"image\/jpeg\" \/>\n<meta name=\"twitter:card\" content=\"summary_large_image\" \/>\n<meta name=\"twitter:label1\" content=\"Tiempo de lectura\" \/>\n\t<meta name=\"twitter:data1\" content=\"1 minuto\" \/>\n<script type=\"application\/ld+json\" class=\"yoast-schema-graph\">{\"@context\":\"https:\\\/\\\/schema.org\",\"@graph\":[{\"@type\":\"WebPage\",\"@id\":\"https:\\\/\\\/www.cozumelsnorkelcenter.com\\\/booking\\\/rcsc001\\\/\",\"url\":\"https:\\\/\\\/www.cozumelsnorkelcenter.com\\\/booking\\\/rcsc001\\\/\",\"name\":\"Book a Cozumel Clear Boat Tour - Cozumel Snorkel Center\",\"isPartOf\":{\"@id\":\"https:\\\/\\\/www.cozumelsnorkelcenter.com\\\/#website\"},\"primaryImageOfPage\":{\"@id\":\"https:\\\/\\\/www.cozumelsnorkelcenter.com\\\/booking\\\/rcsc001\\\/#primaryimage\"},\"image\":{\"@id\":\"https:\\\/\\\/www.cozumelsnorkelcenter.com\\\/booking\\\/rcsc001\\\/#primaryimage\"},\"thumbnailUrl\":\"https:\\\/\\\/www.cozumelsnorkelcenter.com\\\/wp-content\\\/uploads\\\/2022\\\/05\\\/clearboat-2.jpg\",\"datePublished\":\"2022-09-12T08:59:44+00:00\",\"dateModified\":\"2025-02-02T19:12:10+00:00\",\"description\":\"Online booking for El Cielo snorkel tours in Cozumel. Come join Cozumel Snorkel Center for the perfect snorkeling trip experience!\",\"breadcrumb\":{\"@id\":\"https:\\\/\\\/www.cozumelsnorkelcenter.com\\\/booking\\\/rcsc001\\\/#breadcrumb\"},\"inLanguage\":\"es\",\"potentialAction\":[{\"@type\":\"ReadAction\",\"target\":[\"https:\\\/\\\/www.cozumelsnorkelcenter.com\\\/booking\\\/rcsc001\\\/\"]}]},{\"@type\":\"ImageObject\",\"inLanguage\":\"es\",\"@id\":\"https:\\\/\\\/www.cozumelsnorkelcenter.com\\\/booking\\\/rcsc001\\\/#primaryimage\",\"url\":\"https:\\\/\\\/www.cozumelsnorkelcenter.com\\\/wp-content\\\/uploads\\\/2022\\\/05\\\/clearboat-2.jpg\",\"contentUrl\":\"https:\\\/\\\/www.cozumelsnorkelcenter.com\\\/wp-content\\\/uploads\\\/2022\\\/05\\\/clearboat-2.jpg\",\"width\":1500,\"height\":1000},{\"@type\":\"BreadcrumbList\",\"@id\":\"https:\\\/\\\/www.cozumelsnorkelcenter.com\\\/booking\\\/rcsc001\\\/#breadcrumb\",\"itemListElement\":[{\"@type\":\"ListItem\",\"position\":1,\"name\":\"Home\",\"item\":\"https:\\\/\\\/www.cozumelsnorkelcenter.com\\\/\"},{\"@type\":\"ListItem\",\"position\":2,\"name\":\"Booking\",\"item\":\"https:\\\/\\\/www.cozumelsnorkelcenter.com\\\/booking\\\/\"},{\"@type\":\"ListItem\",\"position\":3,\"name\":\"(RCSC001) Cozumel Clear Boat Tour\"}]},{\"@type\":\"WebSite\",\"@id\":\"https:\\\/\\\/www.cozumelsnorkelcenter.com\\\/#website\",\"url\":\"https:\\\/\\\/www.cozumelsnorkelcenter.com\\\/\",\"name\":\"Cozumel Snorkel Center\",\"description\":\"Welcome to Paradise\",\"publisher\":{\"@id\":\"https:\\\/\\\/www.cozumelsnorkelcenter.com\\\/#organization\"},\"potentialAction\":[{\"@type\":\"SearchAction\",\"target\":{\"@type\":\"EntryPoint\",\"urlTemplate\":\"https:\\\/\\\/www.cozumelsnorkelcenter.com\\\/?s={search_term_string}\"},\"query-input\":{\"@type\":\"PropertyValueSpecification\",\"valueRequired\":true,\"valueName\":\"search_term_string\"}}],\"inLanguage\":\"es\"},{\"@type\":\"Organization\",\"@id\":\"https:\\\/\\\/www.cozumelsnorkelcenter.com\\\/#organization\",\"name\":\"Cozumel Snorkel Center\",\"url\":\"https:\\\/\\\/www.cozumelsnorkelcenter.com\\\/\",\"logo\":{\"@type\":\"ImageObject\",\"inLanguage\":\"es\",\"@id\":\"https:\\\/\\\/www.cozumelsnorkelcenter.com\\\/#\\\/schema\\\/logo\\\/image\\\/\",\"url\":\"https:\\\/\\\/www.cozumelsnorkelcenter.com\\\/wp-content\\\/uploads\\\/2022\\\/05\\\/snorkeling_in_sun.jpg\",\"contentUrl\":\"https:\\\/\\\/www.cozumelsnorkelcenter.com\\\/wp-content\\\/uploads\\\/2022\\\/05\\\/snorkeling_in_sun.jpg\",\"width\":2400,\"height\":1642,\"caption\":\"Cozumel Snorkel Center\"},\"image\":{\"@id\":\"https:\\\/\\\/www.cozumelsnorkelcenter.com\\\/#\\\/schema\\\/logo\\\/image\\\/\"},\"sameAs\":[\"https:\\\/\\\/www.facebook.com\\\/cozumelsnorkelcenter\",\"https:\\\/\\\/www.instagram.com\\\/cozumelsnorkelcenter\\\/\",\"https:\\\/\\\/vm.tiktok.com\\\/ZMLcpmsHk\\\/\"]}]}<\/script>\n<!-- \/ Yoast SEO plugin. -->","yoast_head_json":{"title":"Book a Cozumel Clear Boat Tour - Cozumel Snorkel Center","description":"Online booking for El Cielo snorkel tours in Cozumel. Come join Cozumel Snorkel Center for the perfect snorkeling trip experience!","robots":{"index":"noindex","follow":"follow"},"og_locale":"es_MX","og_type":"article","og_title":"Book a Cozumel Clear Boat Tour - Cozumel Snorkel Center","og_description":"Online booking for El Cielo snorkel tours in Cozumel. Come join Cozumel Snorkel Center for the perfect snorkeling trip experience!","og_url":"https:\/\/www.cozumelsnorkelcenter.com\/es\/booking\/rcsc001\/","og_site_name":"Cozumel Snorkel Center","article_publisher":"https:\/\/www.facebook.com\/cozumelsnorkelcenter","article_modified_time":"2025-02-02T19:12:10+00:00","og_image":[{"width":1500,"height":1000,"url":"https:\/\/www.cozumelsnorkelcenter.com\/wp-content\/uploads\/2022\/05\/clearboat-2.jpg","type":"image\/jpeg"}],"twitter_card":"summary_large_image","twitter_misc":{"Tiempo de lectura":"1 minuto"},"schema":{"@context":"https:\/\/schema.org","@graph":[{"@type":"WebPage","@id":"https:\/\/www.cozumelsnorkelcenter.com\/booking\/rcsc001\/","url":"https:\/\/www.cozumelsnorkelcenter.com\/booking\/rcsc001\/","name":"Book a Cozumel Clear Boat Tour - Cozumel Snorkel Center","isPartOf":{"@id":"https:\/\/www.cozumelsnorkelcenter.com\/#website"},"primaryImageOfPage":{"@id":"https:\/\/www.cozumelsnorkelcenter.com\/booking\/rcsc001\/#primaryimage"},"image":{"@id":"https:\/\/www.cozumelsnorkelcenter.com\/booking\/rcsc001\/#primaryimage"},"thumbnailUrl":"https:\/\/www.cozumelsnorkelcenter.com\/wp-content\/uploads\/2022\/05\/clearboat-2.jpg","datePublished":"2022-09-12T08:59:44+00:00","dateModified":"2025-02-02T19:12:10+00:00","description":"Online booking for El Cielo snorkel tours in Cozumel. Come join Cozumel Snorkel Center for the perfect snorkeling trip experience!","breadcrumb":{"@id":"https:\/\/www.cozumelsnorkelcenter.com\/booking\/rcsc001\/#breadcrumb"},"inLanguage":"es","potentialAction":[{"@type":"ReadAction","target":["https:\/\/www.cozumelsnorkelcenter.com\/booking\/rcsc001\/"]}]},{"@type":"ImageObject","inLanguage":"es","@id":"https:\/\/www.cozumelsnorkelcenter.com\/booking\/rcsc001\/#primaryimage","url":"https:\/\/www.cozumelsnorkelcenter.com\/wp-content\/uploads\/2022\/05\/clearboat-2.jpg","contentUrl":"https:\/\/www.cozumelsnorkelcenter.com\/wp-content\/uploads\/2022\/05\/clearboat-2.jpg","width":1500,"height":1000},{"@type":"BreadcrumbList","@id":"https:\/\/www.cozumelsnorkelcenter.com\/booking\/rcsc001\/#breadcrumb","itemListElement":[{"@type":"ListItem","position":1,"name":"Home","item":"https:\/\/www.cozumelsnorkelcenter.com\/"},{"@type":"ListItem","position":2,"name":"Booking","item":"https:\/\/www.cozumelsnorkelcenter.com\/booking\/"},{"@type":"ListItem","position":3,"name":"(RCSC001) Cozumel Clear Boat Tour"}]},{"@type":"WebSite","@id":"https:\/\/www.cozumelsnorkelcenter.com\/#website","url":"https:\/\/www.cozumelsnorkelcenter.com\/","name":"Cozumel Snorkel Center","description":"Welcome to Paradise","publisher":{"@id":"https:\/\/www.cozumelsnorkelcenter.com\/#organization"},"potentialAction":[{"@type":"SearchAction","target":{"@type":"EntryPoint","urlTemplate":"https:\/\/www.cozumelsnorkelcenter.com\/?s={search_term_string}"},"query-input":{"@type":"PropertyValueSpecification","valueRequired":true,"valueName":"search_term_string"}}],"inLanguage":"es"},{"@type":"Organization","@id":"https:\/\/www.cozumelsnorkelcenter.com\/#organization","name":"Cozumel Snorkel Center","url":"https:\/\/www.cozumelsnorkelcenter.com\/","logo":{"@type":"ImageObject","inLanguage":"es","@id":"https:\/\/www.cozumelsnorkelcenter.com\/#\/schema\/logo\/image\/","url":"https:\/\/www.cozumelsnorkelcenter.com\/wp-content\/uploads\/2022\/05\/snorkeling_in_sun.jpg","contentUrl":"https:\/\/www.cozumelsnorkelcenter.com\/wp-content\/uploads\/2022\/05\/snorkeling_in_sun.jpg","width":2400,"height":1642,"caption":"Cozumel Snorkel Center"},"image":{"@id":"https:\/\/www.cozumelsnorkelcenter.com\/#\/schema\/logo\/image\/"},"sameAs":["https:\/\/www.facebook.com\/cozumelsnorkelcenter","https:\/\/www.instagram.com\/cozumelsnorkelcenter\/","https:\/\/vm.tiktok.com\/ZMLcpmsHk\/"]}]}},"_links":{"self":[{"href":"https:\/\/www.cozumelsnorkelcenter.com\/es\/wp-json\/wp\/v2\/pages\/2029","targetHints":{"allow":["GET"]}}],"collection":[{"href":"https:\/\/www.cozumelsnorkelcenter.com\/es\/wp-json\/wp\/v2\/pages"}],"about":[{"href":"https:\/\/www.cozumelsnorkelcenter.com\/es\/wp-json\/wp\/v2\/types\/page"}],"author":[{"embeddable":true,"href":"https:\/\/www.cozumelsnorkelcenter.com\/es\/wp-json\/wp\/v2\/users\/1"}],"replies":[{"embeddable":true,"href":"https:\/\/www.cozumelsnorkelcenter.com\/es\/wp-json\/wp\/v2\/comments?post=2029"}],"version-history":[{"count":4,"href":"https:\/\/www.cozumelsnorkelcenter.com\/es\/wp-json\/wp\/v2\/pages\/2029\/revisions"}],"predecessor-version":[{"id":6621,"href":"https:\/\/www.cozumelsnorkelcenter.com\/es\/wp-json\/wp\/v2\/pages\/2029\/revisions\/6621"}],"up":[{"embeddable":true,"href":"https:\/\/www.cozumelsnorkelcenter.com\/es\/wp-json\/wp\/v2\/pages\/1829"}],"wp:featuredmedia":[{"embeddable":true,"href":"https:\/\/www.cozumelsnorkelcenter.com\/es\/wp-json\/wp\/v2\/media\/521"}],"wp:attachment":[{"href":"https:\/\/www.cozumelsnorkelcenter.com\/es\/wp-json\/wp\/v2\/media?parent=2029"}],"curies":[{"name":"wp","href":"https:\/\/api.w.org\/{rel}","templated":true}]}}