{"id":25,"date":"2022-05-06T16:18:11","date_gmt":"2022-05-06T16:18:11","guid":{"rendered":"https:\/\/cozumel-snorkel-center.onyx-sites.io\/?page_id=25"},"modified":"2023-03-11T10:30:18","modified_gmt":"2023-03-11T10:30:18","slug":"terms","status":"publish","type":"page","link":"https:\/\/www.cozumelsnorkelcenter.com\/es\/terms\/","title":{"rendered":"T\u00e9rminos y condiciones"},"content":{"rendered":"<div data-elementor-type=\"wp-page\" data-elementor-id=\"25\" class=\"elementor elementor-25\" data-elementor-post-type=\"page\">\n\t\t\t\t\t\t<section class=\"elementor-section elementor-top-section elementor-element elementor-element-75b3634e elementor-section-height-min-height elementor-section-full_width elementor-section-items-stretch elementor-section-content-middle elementor-section-height-default\" data-id=\"75b3634e\" data-element_type=\"section\" data-e-type=\"section\" data-settings=\"{&quot;background_background&quot;:&quot;classic&quot;}\">\n\t\t\t\t\t\t\t<div class=\"elementor-background-overlay\"><\/div>\n\t\t\t\t\t\t\t<div class=\"elementor-container elementor-column-gap-default\">\n\t\t\t\t\t<div class=\"elementor-column elementor-col-100 elementor-top-column elementor-element elementor-element-3e5ff9e8\" data-id=\"3e5ff9e8\" data-element_type=\"column\" data-e-type=\"column\">\n\t\t\t<div class=\"elementor-widget-wrap elementor-element-populated\">\n\t\t\t\t\t\t<section class=\"elementor-section elementor-inner-section elementor-element elementor-element-5ef19646 elementor-section-height-min-height elementor-section-boxed elementor-section-height-default\" data-id=\"5ef19646\" data-element_type=\"section\" data-e-type=\"section\" data-settings=\"{&quot;background_background&quot;:&quot;classic&quot;}\">\n\t\t\t\t\t\t<div class=\"elementor-container elementor-column-gap-default\">\n\t\t\t\t\t<div class=\"elementor-column elementor-col-100 elementor-inner-column elementor-element elementor-element-afc84eb\" data-id=\"afc84eb\" data-element_type=\"column\" data-e-type=\"column\">\n\t\t\t<div class=\"elementor-widget-wrap elementor-element-populated\">\n\t\t\t\t\t\t<div class=\"elementor-element elementor-element-92106b3 elementor-widget elementor-widget-heading\" data-id=\"92106b3\" data-element_type=\"widget\" data-e-type=\"widget\" data-widget_type=\"heading.default\">\n\t\t\t\t<div class=\"elementor-widget-container\">\n\t\t\t\t\t<h1 class=\"elementor-heading-title elementor-size-default\">T\u00e9rminos y condiciones<\/h1>\t\t\t\t<\/div>\n\t\t\t\t<\/div>\n\t\t\t\t<div class=\"elementor-element elementor-element-54145c05 elementor-widget elementor-widget-text-editor\" data-id=\"54145c05\" data-element_type=\"widget\" data-e-type=\"widget\" data-widget_type=\"text-editor.default\">\n\t\t\t\t<div class=\"elementor-widget-container\">\n\t\t\t\t\t\t\t\t\t<p>\u00daltima actualizaci\u00f3n: 11 de marzo de 2022<\/p><p>Nuestra direcci\u00f3n web principal es www.cozumelsnorkelcenter.com<\/p><p>Cozumel Snorkel Center<\/p><p>N\u00famero de tel\u00e9fono: +52 987 137 222<\/p><p>info@cozumelsnorkelcenter.com<\/p>\t\t\t\t\t\t\t\t<\/div>\n\t\t\t\t<\/div>\n\t\t\t\t<div class=\"elementor-element elementor-element-d68901d elementor-widget elementor-widget-heading\" data-id=\"d68901d\" data-element_type=\"widget\" data-e-type=\"widget\" data-widget_type=\"heading.default\">\n\t\t\t\t<div class=\"elementor-widget-container\">\n\t\t\t\t\t<h4 class=\"elementor-heading-title elementor-size-default\">Definiciones<\/h4>\t\t\t\t<\/div>\n\t\t\t\t<\/div>\n\t\t\t\t<div class=\"elementor-element elementor-element-a327d60 elementor-widget elementor-widget-text-editor\" data-id=\"a327d60\" data-element_type=\"widget\" data-e-type=\"widget\" data-widget_type=\"text-editor.default\">\n\t\t\t\t<div class=\"elementor-widget-container\">\n\t\t\t\t\t\t\t\t\t<p>Los t\u00e9rminos 'Cozumel Snorkel Center', 'nosotros', 'nuestro' o 'nosotros' se refieren al propietario de este sitio web.<\/p><p>El t\u00e9rmino \"usted\" se refiere al usuario o espectador de nuestro sitio web.<\/p><p>Si contin\u00faa navegando y utilizando este sitio web, est\u00e1 aceptando cumplir y estar obligado por los siguientes t\u00e9rminos y condiciones de uso, que rigen nuestra relaci\u00f3n con usted en relaci\u00f3n con este sitio web.<\/p>\t\t\t\t\t\t\t\t<\/div>\n\t\t\t\t<\/div>\n\t\t\t\t<div class=\"elementor-element elementor-element-70bc2e0 elementor-widget elementor-widget-heading\" data-id=\"70bc2e0\" data-element_type=\"widget\" data-e-type=\"widget\" data-widget_type=\"heading.default\">\n\t\t\t\t<div class=\"elementor-widget-container\">\n\t\t\t\t\t<h4 class=\"elementor-heading-title elementor-size-default\">Reservas<\/h4>\t\t\t\t<\/div>\n\t\t\t\t<\/div>\n\t\t\t\t<div class=\"elementor-element elementor-element-fbd2c3d elementor-widget elementor-widget-text-editor\" data-id=\"fbd2c3d\" data-element_type=\"widget\" data-e-type=\"widget\" data-widget_type=\"text-editor.default\">\n\t\t\t\t<div class=\"elementor-widget-container\">\n\t\t\t\t\t\t\t\t\t<p>1. Las reservas realizadas a trav\u00e9s de nuestro sitio web est\u00e1n sujetas a los t\u00e9rminos y condiciones aqu\u00ed expuestos. Su reserva puede estar sujeta a condiciones diferentes si la realiza a trav\u00e9s de sitios web de terceros, como TripAdvisor o Viator.<\/p><p>2. Al hacer su reserva con nosotros en l\u00ednea, requerimos que el valor total de su reserva sea pagado por adelantado usando tarjeta de d\u00e9bito o cr\u00e9dito. El proveedor de su tarjeta puede cobrarle comisiones por cambio de divisa, que est\u00e1n fuera de nuestro control.<\/p><p>3. La mayor\u00eda de nuestras reservas se pueden cancelar o modificar sin cargo alguno, siempre y cuando nos avise con un m\u00ednimo de 24 horas de antelaci\u00f3n antes de la salida. La mejor forma de hacerlo es a trav\u00e9s del correo electr\u00f3nico de confirmaci\u00f3n de la reserva. Algunas peticiones especiales en reservas de grupos privados pueden requerir m\u00e1s de 24 horas de antelaci\u00f3n, pero se le informar\u00e1 antes de la reserva si es as\u00ed.<\/p><p>4. Si no cancela su reserva dentro del plazo de preaviso correspondiente, nos reservamos el derecho de considerar su reserva como no presentada. En tal caso, podremos deducir una parte o la totalidad de las tasas abonadas.<\/p><p>5. Todas las horas indicadas corresponden a la zona horaria local de Cozumel, que puede diferir de la zona horaria de su crucero. Compru\u00e9belo antes de reservar, ya que no nos hacemos responsables de las horas de salida perdidas (que ser\u00e1n tratados como un no-show).<\/p><p>6. Como proveedores de viajes al aire libre, nuestros servicios est\u00e1n en cierta medida controlados por las condiciones meteorol\u00f3gicas imperantes. En ocasiones, las condiciones meteorol\u00f3gicas nos obligan a modificar nuestro plan de visitas o a cancelarlas por completo con poca antelaci\u00f3n. Entendemos que esto puede ser decepcionante. En caso de que tengamos que cancelar su excursi\u00f3n debido a las malas condiciones meteorol\u00f3gicas, le daremos la opci\u00f3n de reprogramarla o de reembolsarle \u00edntegramente el importe abonado en la forma de pago original (l\u00edmite de nuestra responsabilidad en estas circunstancias).<\/p><p>7. Nuestras excursiones son familiares y le pedimos que trate a nuestro personal, al barco, a nuestro equipo y a los dem\u00e1s pasajeros con respeto en todo momento. Si tiene ni\u00f1os, por favor, mant\u00e9ngalos bajo supervisi\u00f3n y control para su seguridad y la de los que le rodean. No toleraremos comportamientos groseros, agresivos o inseguros, y nos reservamos el derecho de negar el servicio a cualquiera que se comporte de tal manera sin compensaci\u00f3n alguna.<\/p><p>8. En el improbable caso de que se produzca un error en el sitio web, o si no podemos cumplir con una reserva por cualquier otra raz\u00f3n, nos reservamos el derecho de cancelar su reserva y emitir un reembolso completo al m\u00e9todo de pago original (el l\u00edmite de nuestra responsabilidad en estas circunstancias).<\/p>\t\t\t\t\t\t\t\t<\/div>\n\t\t\t\t<\/div>\n\t\t\t\t<div class=\"elementor-element elementor-element-ab28429 elementor-widget elementor-widget-heading\" data-id=\"ab28429\" data-element_type=\"widget\" data-e-type=\"widget\" data-widget_type=\"heading.default\">\n\t\t\t\t<div class=\"elementor-widget-container\">\n\t\t\t\t\t<h4 class=\"elementor-heading-title elementor-size-default\">Este sitio web<\/h4>\t\t\t\t<\/div>\n\t\t\t\t<\/div>\n\t\t\t\t<div class=\"elementor-element elementor-element-9bdc323 elementor-widget elementor-widget-text-editor\" data-id=\"9bdc323\" data-element_type=\"widget\" data-e-type=\"widget\" data-widget_type=\"text-editor.default\">\n\t\t\t\t<div class=\"elementor-widget-container\">\n\t\t\t\t\t\t\t\t\t<p>9. El contenido de este sitio web es \u00fanicamente para su informaci\u00f3n y uso generales. Est\u00e1 sujeto a cambios sin previo aviso.<\/p>\n<p>10. Ni nosotros ni ning\u00fan tercero proporcionamos ninguna garant\u00eda en cuanto a la exactitud, puntualidad, rendimiento, integridad o idoneidad de la informaci\u00f3n y los materiales encontrados u ofrecidos en este sitio web para cualquier prop\u00f3sito en particular. Usted reconoce que dicha informaci\u00f3n y materiales pueden contener inexactitudes o errores y nosotros excluimos expresamente toda responsabilidad por tales inexactitudes o errores en la m\u00e1xima medida permitida por la ley.<\/p>\n<p>11. El uso que usted haga de cualquier informaci\u00f3n o material de este sitio web corre enteramente por su cuenta y riesgo, y nosotros no seremos responsables de ello. Ser\u00e1 su responsabilidad asegurarse de que cualquier producto, servicio o informaci\u00f3n disponible a trav\u00e9s de este sitio web satisface sus necesidades espec\u00edficas.<\/p>\n<p>12. Este sitio web contiene material que nos pertenece o para el que tenemos licencia. Este material incluye, entre otros, el dise\u00f1o, la maquetaci\u00f3n, la apariencia, la fotograf\u00eda, la videograf\u00eda y el logotipo. Queda prohibida toda reproducci\u00f3n que no se ajuste al aviso de derechos de autor, que forma parte de las presentes condiciones.<\/p>\n<p>13. Todas las marcas reproducidas en este sitio web que no sean propiedad del operador o que no hayan sido cedidas bajo licencia al mismo se reconocen en el sitio web.<\/p>\n<p>14. El uso no autorizado de este sitio web puede dar lugar a una reclamaci\u00f3n por da\u00f1os y perjuicios, y en la mayor\u00eda de las jurisdicciones puede constituir un delito grave.<\/p>\n<p>15. Ocasionalmente, este sitio web tambi\u00e9n puede incluir enlaces a otros sitios web. Estos enlaces se facilitan para su comodidad con el fin de proporcionarle m\u00e1s informaci\u00f3n. No significan necesariamente que apoyemos el sitio o sitios web o sus contenidos.<\/p>\n<p>16. Su uso de este sitio web y cualquier disputa que surja de dicho uso del sitio web est\u00e1 sujeto a las leyes mexicanas, o a las leyes locales del otorgante original de la licencia, seg\u00fan corresponda.<br><\/p>\t\t\t\t\t\t\t\t<\/div>\n\t\t\t\t<\/div>\n\t\t\t\t\t<\/div>\n\t\t<\/div>\n\t\t\t\t\t<\/div>\n\t\t<\/section>\n\t\t\t\t\t<\/div>\n\t\t<\/div>\n\t\t\t\t\t<\/div>\n\t\t<\/section>\n\t\t\t\t<\/div>","protected":false},"excerpt":{"rendered":"<p>Terms &amp; Conditions Last updated 11 March 2022 Our primary web address is www.cozumelsnorkelcenter.com Cozumel Snorkel Center Telephone Number: +52 987 137 222 info@cozumelsnorkelcenter.com Definitions The terms \u2018Cozumel Snorkel Center\u2019, \u2018us\u2019, \u2018our\u2018 or \u2018we\u2019 refers to the business owner of this website. The term \u2018you\u2019 refers to the user or viewer of our website. Should [&hellip;]<\/p>\n","protected":false},"author":1,"featured_media":0,"parent":0,"menu_order":0,"comment_status":"closed","ping_status":"closed","template":"","meta":{"_monsterinsights_skip_tracking":false,"_monsterinsights_sitenote_active":false,"_monsterinsights_sitenote_note":"","_monsterinsights_sitenote_category":0,"footnotes":""},"class_list":["post-25","page","type-page","status-publish","hentry"],"yoast_head":"<!-- This site is optimized with the Yoast SEO plugin v27.4 - https:\/\/yoast.com\/product\/yoast-seo-wordpress\/ -->\n<title>Terms &amp; Conditions - Cozumel Snorkel Center<\/title>\n<meta name=\"description\" content=\"Terms and conditions of service.\" \/>\n<meta name=\"robots\" content=\"noindex, follow\" \/>\n<meta property=\"og:locale\" content=\"es_MX\" \/>\n<meta property=\"og:type\" content=\"article\" \/>\n<meta property=\"og:title\" content=\"Terms &amp; Conditions - Cozumel Snorkel Center\" \/>\n<meta property=\"og:description\" content=\"Terms and conditions of service.\" \/>\n<meta property=\"og:url\" content=\"https:\/\/www.cozumelsnorkelcenter.com\/es\/terms\/\" \/>\n<meta property=\"og:site_name\" content=\"Cozumel Snorkel Center\" \/>\n<meta property=\"article:publisher\" content=\"https:\/\/www.facebook.com\/cozumelsnorkelcenter\" \/>\n<meta property=\"article:modified_time\" content=\"2023-03-11T10:30:18+00:00\" \/>\n<meta property=\"og:image\" content=\"https:\/\/www.cozumelsnorkelcenter.com\/wp-content\/uploads\/2022\/05\/snorkeling_in_sun.jpg\" \/>\n\t<meta property=\"og:image:width\" content=\"2400\" \/>\n\t<meta property=\"og:image:height\" content=\"1642\" \/>\n\t<meta property=\"og:image:type\" content=\"image\/jpeg\" \/>\n<meta name=\"twitter:card\" content=\"summary_large_image\" \/>\n<meta name=\"twitter:label1\" content=\"Tiempo de lectura\" \/>\n\t<meta name=\"twitter:data1\" content=\"2 minutos\" \/>\n<script type=\"application\/ld+json\" class=\"yoast-schema-graph\">{\"@context\":\"https:\\\/\\\/schema.org\",\"@graph\":[{\"@type\":\"WebPage\",\"@id\":\"https:\\\/\\\/www.cozumelsnorkelcenter.com\\\/terms\\\/\",\"url\":\"https:\\\/\\\/www.cozumelsnorkelcenter.com\\\/terms\\\/\",\"name\":\"Terms & Conditions - Cozumel Snorkel Center\",\"isPartOf\":{\"@id\":\"https:\\\/\\\/www.cozumelsnorkelcenter.com\\\/#website\"},\"datePublished\":\"2022-05-06T16:18:11+00:00\",\"dateModified\":\"2023-03-11T10:30:18+00:00\",\"description\":\"Terms and conditions of service.\",\"breadcrumb\":{\"@id\":\"https:\\\/\\\/www.cozumelsnorkelcenter.com\\\/terms\\\/#breadcrumb\"},\"inLanguage\":\"es\",\"potentialAction\":[{\"@type\":\"ReadAction\",\"target\":[\"https:\\\/\\\/www.cozumelsnorkelcenter.com\\\/terms\\\/\"]}]},{\"@type\":\"BreadcrumbList\",\"@id\":\"https:\\\/\\\/www.cozumelsnorkelcenter.com\\\/terms\\\/#breadcrumb\",\"itemListElement\":[{\"@type\":\"ListItem\",\"position\":1,\"name\":\"Home\",\"item\":\"https:\\\/\\\/www.cozumelsnorkelcenter.com\\\/\"},{\"@type\":\"ListItem\",\"position\":2,\"name\":\"Terms and Conditions\"}]},{\"@type\":\"WebSite\",\"@id\":\"https:\\\/\\\/www.cozumelsnorkelcenter.com\\\/#website\",\"url\":\"https:\\\/\\\/www.cozumelsnorkelcenter.com\\\/\",\"name\":\"Cozumel Snorkel Center\",\"description\":\"Welcome to Paradise\",\"publisher\":{\"@id\":\"https:\\\/\\\/www.cozumelsnorkelcenter.com\\\/#organization\"},\"potentialAction\":[{\"@type\":\"SearchAction\",\"target\":{\"@type\":\"EntryPoint\",\"urlTemplate\":\"https:\\\/\\\/www.cozumelsnorkelcenter.com\\\/?s={search_term_string}\"},\"query-input\":{\"@type\":\"PropertyValueSpecification\",\"valueRequired\":true,\"valueName\":\"search_term_string\"}}],\"inLanguage\":\"es\"},{\"@type\":\"Organization\",\"@id\":\"https:\\\/\\\/www.cozumelsnorkelcenter.com\\\/#organization\",\"name\":\"Cozumel Snorkel Center\",\"url\":\"https:\\\/\\\/www.cozumelsnorkelcenter.com\\\/\",\"logo\":{\"@type\":\"ImageObject\",\"inLanguage\":\"es\",\"@id\":\"https:\\\/\\\/www.cozumelsnorkelcenter.com\\\/#\\\/schema\\\/logo\\\/image\\\/\",\"url\":\"https:\\\/\\\/www.cozumelsnorkelcenter.com\\\/wp-content\\\/uploads\\\/2022\\\/05\\\/snorkeling_in_sun.jpg\",\"contentUrl\":\"https:\\\/\\\/www.cozumelsnorkelcenter.com\\\/wp-content\\\/uploads\\\/2022\\\/05\\\/snorkeling_in_sun.jpg\",\"width\":2400,\"height\":1642,\"caption\":\"Cozumel Snorkel Center\"},\"image\":{\"@id\":\"https:\\\/\\\/www.cozumelsnorkelcenter.com\\\/#\\\/schema\\\/logo\\\/image\\\/\"},\"sameAs\":[\"https:\\\/\\\/www.facebook.com\\\/cozumelsnorkelcenter\",\"https:\\\/\\\/www.instagram.com\\\/cozumelsnorkelcenter\\\/\",\"https:\\\/\\\/vm.tiktok.com\\\/ZMLcpmsHk\\\/\"]}]}<\/script>\n<!-- \/ Yoast SEO plugin. -->","yoast_head_json":{"title":"Terms & Conditions - Cozumel Snorkel Center","description":"Terms and conditions of service.","robots":{"index":"noindex","follow":"follow"},"og_locale":"es_MX","og_type":"article","og_title":"Terms & Conditions - Cozumel Snorkel Center","og_description":"Terms and conditions of service.","og_url":"https:\/\/www.cozumelsnorkelcenter.com\/es\/terms\/","og_site_name":"Cozumel Snorkel Center","article_publisher":"https:\/\/www.facebook.com\/cozumelsnorkelcenter","article_modified_time":"2023-03-11T10:30:18+00:00","og_image":[{"width":2400,"height":1642,"url":"https:\/\/www.cozumelsnorkelcenter.com\/wp-content\/uploads\/2022\/05\/snorkeling_in_sun.jpg","type":"image\/jpeg"}],"twitter_card":"summary_large_image","twitter_misc":{"Tiempo de lectura":"2 minutos"},"schema":{"@context":"https:\/\/schema.org","@graph":[{"@type":"WebPage","@id":"https:\/\/www.cozumelsnorkelcenter.com\/terms\/","url":"https:\/\/www.cozumelsnorkelcenter.com\/terms\/","name":"Terms & Conditions - Cozumel Snorkel Center","isPartOf":{"@id":"https:\/\/www.cozumelsnorkelcenter.com\/#website"},"datePublished":"2022-05-06T16:18:11+00:00","dateModified":"2023-03-11T10:30:18+00:00","description":"Terms and conditions of service.","breadcrumb":{"@id":"https:\/\/www.cozumelsnorkelcenter.com\/terms\/#breadcrumb"},"inLanguage":"es","potentialAction":[{"@type":"ReadAction","target":["https:\/\/www.cozumelsnorkelcenter.com\/terms\/"]}]},{"@type":"BreadcrumbList","@id":"https:\/\/www.cozumelsnorkelcenter.com\/terms\/#breadcrumb","itemListElement":[{"@type":"ListItem","position":1,"name":"Home","item":"https:\/\/www.cozumelsnorkelcenter.com\/"},{"@type":"ListItem","position":2,"name":"Terms and Conditions"}]},{"@type":"WebSite","@id":"https:\/\/www.cozumelsnorkelcenter.com\/#website","url":"https:\/\/www.cozumelsnorkelcenter.com\/","name":"Cozumel Snorkel Center","description":"Welcome to Paradise","publisher":{"@id":"https:\/\/www.cozumelsnorkelcenter.com\/#organization"},"potentialAction":[{"@type":"SearchAction","target":{"@type":"EntryPoint","urlTemplate":"https:\/\/www.cozumelsnorkelcenter.com\/?s={search_term_string}"},"query-input":{"@type":"PropertyValueSpecification","valueRequired":true,"valueName":"search_term_string"}}],"inLanguage":"es"},{"@type":"Organization","@id":"https:\/\/www.cozumelsnorkelcenter.com\/#organization","name":"Cozumel Snorkel Center","url":"https:\/\/www.cozumelsnorkelcenter.com\/","logo":{"@type":"ImageObject","inLanguage":"es","@id":"https:\/\/www.cozumelsnorkelcenter.com\/#\/schema\/logo\/image\/","url":"https:\/\/www.cozumelsnorkelcenter.com\/wp-content\/uploads\/2022\/05\/snorkeling_in_sun.jpg","contentUrl":"https:\/\/www.cozumelsnorkelcenter.com\/wp-content\/uploads\/2022\/05\/snorkeling_in_sun.jpg","width":2400,"height":1642,"caption":"Cozumel Snorkel Center"},"image":{"@id":"https:\/\/www.cozumelsnorkelcenter.com\/#\/schema\/logo\/image\/"},"sameAs":["https:\/\/www.facebook.com\/cozumelsnorkelcenter","https:\/\/www.instagram.com\/cozumelsnorkelcenter\/","https:\/\/vm.tiktok.com\/ZMLcpmsHk\/"]}]}},"_links":{"self":[{"href":"https:\/\/www.cozumelsnorkelcenter.com\/es\/wp-json\/wp\/v2\/pages\/25","targetHints":{"allow":["GET"]}}],"collection":[{"href":"https:\/\/www.cozumelsnorkelcenter.com\/es\/wp-json\/wp\/v2\/pages"}],"about":[{"href":"https:\/\/www.cozumelsnorkelcenter.com\/es\/wp-json\/wp\/v2\/types\/page"}],"author":[{"embeddable":true,"href":"https:\/\/www.cozumelsnorkelcenter.com\/es\/wp-json\/wp\/v2\/users\/1"}],"replies":[{"embeddable":true,"href":"https:\/\/www.cozumelsnorkelcenter.com\/es\/wp-json\/wp\/v2\/comments?post=25"}],"version-history":[{"count":0,"href":"https:\/\/www.cozumelsnorkelcenter.com\/es\/wp-json\/wp\/v2\/pages\/25\/revisions"}],"wp:attachment":[{"href":"https:\/\/www.cozumelsnorkelcenter.com\/es\/wp-json\/wp\/v2\/media?parent=25"}],"curies":[{"name":"wp","href":"https:\/\/api.w.org\/{rel}","templated":true}]}}