{"id":5,"date":"2022-05-05T20:45:49","date_gmt":"2022-05-05T20:45:49","guid":{"rendered":"https:\/\/cozumel-snorkel-center.onyx-sites.io\/?page_id=3"},"modified":"2022-05-24T21:29:22","modified_gmt":"2022-05-24T21:29:22","slug":"privacy","status":"publish","type":"page","link":"https:\/\/www.cozumelsnorkelcenter.com\/es\/privacy\/","title":{"rendered":"Pol\u00edtica de privacidad"},"content":{"rendered":"<div data-elementor-type=\"wp-page\" data-elementor-id=\"5\" class=\"elementor elementor-5\" data-elementor-post-type=\"page\">\n\t\t\t\t\t\t<section class=\"elementor-section elementor-top-section elementor-element elementor-element-7c53c7d0 elementor-section-height-min-height elementor-section-full_width elementor-section-items-stretch elementor-section-content-middle elementor-section-height-default\" data-id=\"7c53c7d0\" data-element_type=\"section\" data-e-type=\"section\" data-settings=\"{&quot;background_background&quot;:&quot;classic&quot;}\">\n\t\t\t\t\t\t\t<div class=\"elementor-background-overlay\"><\/div>\n\t\t\t\t\t\t\t<div class=\"elementor-container elementor-column-gap-default\">\n\t\t\t\t\t<div class=\"elementor-column elementor-col-100 elementor-top-column elementor-element elementor-element-37d4caeb\" data-id=\"37d4caeb\" data-element_type=\"column\" data-e-type=\"column\">\n\t\t\t<div class=\"elementor-widget-wrap elementor-element-populated\">\n\t\t\t\t\t\t<section class=\"elementor-section elementor-inner-section elementor-element elementor-element-2787f749 elementor-section-height-min-height elementor-section-boxed elementor-section-height-default\" data-id=\"2787f749\" data-element_type=\"section\" data-e-type=\"section\" data-settings=\"{&quot;background_background&quot;:&quot;classic&quot;}\">\n\t\t\t\t\t\t<div class=\"elementor-container elementor-column-gap-default\">\n\t\t\t\t\t<div class=\"elementor-column elementor-col-100 elementor-inner-column elementor-element elementor-element-28da9941\" data-id=\"28da9941\" data-element_type=\"column\" data-e-type=\"column\">\n\t\t\t<div class=\"elementor-widget-wrap elementor-element-populated\">\n\t\t\t\t\t\t<div class=\"elementor-element elementor-element-50f56994 elementor-widget elementor-widget-heading\" data-id=\"50f56994\" data-element_type=\"widget\" data-e-type=\"widget\" data-widget_type=\"heading.default\">\n\t\t\t\t<div class=\"elementor-widget-container\">\n\t\t\t\t\t<h1 class=\"elementor-heading-title elementor-size-default\">Pol\u00edtica de privacidad<\/h1>\t\t\t\t<\/div>\n\t\t\t\t<\/div>\n\t\t\t\t<div class=\"elementor-element elementor-element-2e8b3e17 elementor-widget elementor-widget-text-editor\" data-id=\"2e8b3e17\" data-element_type=\"widget\" data-e-type=\"widget\" data-widget_type=\"text-editor.default\">\n\t\t\t\t<div class=\"elementor-widget-container\">\n\t\t\t\t\t\t\t\t\t<p>\u00daltima actualizaci\u00f3n: 24 de mayo de 2022<\/p><p>Nuestra direcci\u00f3n web principal es www.cozumelsnorkelcenter.com<\/p><p>Cozumel Snorkel Center<\/p><p>N\u00famero de tel\u00e9fono: +52 987 137 222<\/p><p>info@cozumelsnorkelcenter.com<\/p>\t\t\t\t\t\t\t\t<\/div>\n\t\t\t\t<\/div>\n\t\t\t\t<div class=\"elementor-element elementor-element-347eddb elementor-widget elementor-widget-heading\" data-id=\"347eddb\" data-element_type=\"widget\" data-e-type=\"widget\" data-widget_type=\"heading.default\">\n\t\t\t\t<div class=\"elementor-widget-container\">\n\t\t\t\t\t<h4 class=\"elementor-heading-title elementor-size-default\">Definiciones<\/h4>\t\t\t\t<\/div>\n\t\t\t\t<\/div>\n\t\t\t\t<div class=\"elementor-element elementor-element-7c7608bb elementor-widget elementor-widget-text-editor\" data-id=\"7c7608bb\" data-element_type=\"widget\" data-e-type=\"widget\" data-widget_type=\"text-editor.default\">\n\t\t\t\t<div class=\"elementor-widget-container\">\n\t\t\t\t\t\t\t\t\t<p>Los t\u00e9rminos 'Cozumel Snorkel Center', 'nosotros', 'nuestro' o 'nosotros' se refieren al propietario de este sitio web.<\/p><p>El t\u00e9rmino \"usted\" se refiere al usuario o espectador de nuestro sitio web.<\/p><p>Si contin\u00faa navegando y utilizando este sitio web, est\u00e1 aceptando los t\u00e9rminos de nuestra pol\u00edtica de privacidad que figuran a continuaci\u00f3n.<\/p>\t\t\t\t\t\t\t\t<\/div>\n\t\t\t\t<\/div>\n\t\t\t\t<div class=\"elementor-element elementor-element-70bfd319 elementor-widget elementor-widget-heading\" data-id=\"70bfd319\" data-element_type=\"widget\" data-e-type=\"widget\" data-widget_type=\"heading.default\">\n\t\t\t\t<div class=\"elementor-widget-container\">\n\t\t\t\t\t<h4 class=\"elementor-heading-title elementor-size-default\">Qu\u00e9 datos personales recogemos<\/h4>\t\t\t\t<\/div>\n\t\t\t\t<\/div>\n\t\t\t\t<div class=\"elementor-element elementor-element-74e2b7c4 elementor-widget elementor-widget-text-editor\" data-id=\"74e2b7c4\" data-element_type=\"widget\" data-e-type=\"widget\" data-widget_type=\"text-editor.default\">\n\t\t\t\t<div class=\"elementor-widget-container\">\n\t\t\t\t\t\t\t\t\t<p>(Y por qu\u00e9 la recogemos)<\/p>\t\t\t\t\t\t\t\t<\/div>\n\t\t\t\t<\/div>\n\t\t\t\t<div class=\"elementor-element elementor-element-20f9064c elementor-widget elementor-widget-text-editor\" data-id=\"20f9064c\" data-element_type=\"widget\" data-e-type=\"widget\" data-widget_type=\"text-editor.default\">\n\t\t\t\t<div class=\"elementor-widget-container\">\n\t\t\t\t\t\t\t\t\t<p><strong>Mientras navega por el sitio:<\/strong><\/p><p>Recogemos informaci\u00f3n anal\u00edtica an\u00f3nima de Google para hacer un seguimiento de sus interacciones en nuestro sitio web, incluyendo c\u00f3mo lleg\u00f3 a nuestro sitio web. Esta informaci\u00f3n incluye, pero no se limita a, la ubicaci\u00f3n geogr\u00e1fica, la marca y el modelo del dispositivo, el sistema operativo del dispositivo, la informaci\u00f3n del navegador y los nombres de los sitios web o las fuentes que le remitieron a nuestro sitio web. Esto nos ayuda a comprender de d\u00f3nde procede nuestro tr\u00e1fico de Internet y qu\u00e9 dispositivos utiliza la gente para visitarnos, as\u00ed como a diagnosticar y detectar posibles problemas con nuestro sitio web.<\/p><p>No recogemos su direcci\u00f3n IP con Google Analytics mientras navega por nuestro sitio web.<\/p>\t\t\t\t\t\t\t\t<\/div>\n\t\t\t\t<\/div>\n\t\t\t\t<div class=\"elementor-element elementor-element-5ac42068 elementor-widget elementor-widget-text-editor\" data-id=\"5ac42068\" data-element_type=\"widget\" data-e-type=\"widget\" data-widget_type=\"text-editor.default\">\n\t\t\t\t<div class=\"elementor-widget-container\">\n\t\t\t\t\t\t\t\t\t<p><strong>Al hacer una reserva:<\/strong><\/p><p>Al hacer una reserva con nosotros, tendr\u00e1 que proporcionarnos su informaci\u00f3n personal a nosotros, a nuestro agente de reservas y a nuestro procesador de pagos. Tambi\u00e9n tendr\u00e1 que proporcionar su informaci\u00f3n de pago a nuestro procesador de pagos. Estos datos se manejan de forma segura y est\u00e1n protegidos por la codificaci\u00f3n SSL. No almacenamos la informaci\u00f3n de su m\u00e9todo de pago en nuestro servidor.<\/p><p>Recogemos su direcci\u00f3n IP en el momento del pedido por razones de seguridad. Su informaci\u00f3n personal se utilizar\u00e1 de acuerdo con la gesti\u00f3n y el cumplimiento de su pedido.<\/p><p>Sus datos personales se conservar\u00e1n durante un m\u00e1ximo de 6 a\u00f1os despu\u00e9s de realizar un pedido, salvo que la legislaci\u00f3n mexicana exija lo contrario, y se eliminar\u00e1n autom\u00e1ticamente de nuestros sistemas una vez transcurrido este tiempo.<\/p>\t\t\t\t\t\t\t\t<\/div>\n\t\t\t\t<\/div>\n\t\t\t\t<div class=\"elementor-element elementor-element-e8e9cad elementor-widget elementor-widget-text-editor\" data-id=\"e8e9cad\" data-element_type=\"widget\" data-e-type=\"widget\" data-widget_type=\"text-editor.default\">\n\t\t\t\t<div class=\"elementor-widget-container\">\n\t\t\t\t\t\t\t\t\t<p><strong>Contenido de otros sitios web:<\/strong><br \/><br \/>Los art\u00edculos de este sitio pueden incluir contenido incrustado (por ejemplo, v\u00eddeos, im\u00e1genes, art\u00edculos, etc.). El contenido incrustado de otros sitios web se comporta exactamente igual que si el visitante hubiera visitado el otro sitio web.<\/p><p>Estos sitios web pueden recopilar datos sobre usted, utilizar cookies, incrustar un seguimiento adicional de terceros y controlar su interacci\u00f3n con ese contenido incrustado, incluido el seguimiento de su interacci\u00f3n con el contenido incrustado si tiene una cuenta y ha iniciado sesi\u00f3n en ese sitio web.<\/p>\t\t\t\t\t\t\t\t<\/div>\n\t\t\t\t<\/div>\n\t\t\t\t\t<\/div>\n\t\t<\/div>\n\t\t\t\t\t<\/div>\n\t\t<\/section>\n\t\t\t\t\t<\/div>\n\t\t<\/div>\n\t\t\t\t\t<\/div>\n\t\t<\/section>\n\t\t\t\t<\/div>","protected":false},"excerpt":{"rendered":"<p>Privacy Policy Last updated 24 May 2022 Our primary web address is www.cozumelsnorkelcenter.com Cozumel Snorkel Center Telephone Number: +52 987 137 222 info@cozumelsnorkelcenter.com Definitions The terms \u2018Cozumel Snorkel Center\u2019, \u2018us\u2019, \u2018our\u2018 or \u2018we\u2019 refers to the business owner of this website. The term \u2018you\u2019 refers to the user or viewer of our website. Should you [&hellip;]<\/p>\n","protected":false},"author":1,"featured_media":0,"parent":0,"menu_order":0,"comment_status":"closed","ping_status":"closed","template":"","meta":{"_monsterinsights_skip_tracking":false,"_monsterinsights_sitenote_active":false,"_monsterinsights_sitenote_note":"","_monsterinsights_sitenote_category":0,"footnotes":""},"class_list":["post-5","page","type-page","status-publish","hentry"],"yoast_head":"<!-- This site is optimized with the Yoast SEO plugin v27.3 - https:\/\/yoast.com\/product\/yoast-seo-wordpress\/ -->\n<title>Privacy Policy - Cozumel Snorkel Center<\/title>\n<meta name=\"description\" content=\"Our privacy policy.\" \/>\n<meta name=\"robots\" content=\"noindex, follow\" \/>\n<meta property=\"og:locale\" content=\"es_MX\" \/>\n<meta property=\"og:type\" content=\"article\" \/>\n<meta property=\"og:title\" content=\"Privacy Policy - Cozumel Snorkel Center\" \/>\n<meta property=\"og:description\" content=\"Our privacy policy.\" \/>\n<meta property=\"og:url\" content=\"https:\/\/www.cozumelsnorkelcenter.com\/es\/privacy\/\" \/>\n<meta property=\"og:site_name\" content=\"Cozumel Snorkel Center\" \/>\n<meta property=\"article:publisher\" content=\"https:\/\/www.facebook.com\/cozumelsnorkelcenter\" \/>\n<meta property=\"article:modified_time\" content=\"2022-05-24T21:29:22+00:00\" \/>\n<meta property=\"og:image\" content=\"https:\/\/www.cozumelsnorkelcenter.com\/wp-content\/uploads\/2022\/05\/snorkeling_in_sun.jpg\" \/>\n\t<meta property=\"og:image:width\" content=\"2400\" \/>\n\t<meta property=\"og:image:height\" content=\"1642\" \/>\n\t<meta property=\"og:image:type\" content=\"image\/jpeg\" \/>\n<meta name=\"twitter:card\" content=\"summary_large_image\" \/>\n<meta name=\"twitter:label1\" content=\"Tiempo de lectura\" \/>\n\t<meta name=\"twitter:data1\" content=\"2 minutos\" \/>\n<script type=\"application\/ld+json\" class=\"yoast-schema-graph\">{\"@context\":\"https:\\\/\\\/schema.org\",\"@graph\":[{\"@type\":\"WebPage\",\"@id\":\"https:\\\/\\\/www.cozumelsnorkelcenter.com\\\/privacy\\\/\",\"url\":\"https:\\\/\\\/www.cozumelsnorkelcenter.com\\\/privacy\\\/\",\"name\":\"Privacy Policy - Cozumel Snorkel Center\",\"isPartOf\":{\"@id\":\"https:\\\/\\\/www.cozumelsnorkelcenter.com\\\/#website\"},\"datePublished\":\"2022-05-05T20:45:49+00:00\",\"dateModified\":\"2022-05-24T21:29:22+00:00\",\"description\":\"Our privacy policy.\",\"breadcrumb\":{\"@id\":\"https:\\\/\\\/www.cozumelsnorkelcenter.com\\\/privacy\\\/#breadcrumb\"},\"inLanguage\":\"es\",\"potentialAction\":[{\"@type\":\"ReadAction\",\"target\":[\"https:\\\/\\\/www.cozumelsnorkelcenter.com\\\/privacy\\\/\"]}]},{\"@type\":\"BreadcrumbList\",\"@id\":\"https:\\\/\\\/www.cozumelsnorkelcenter.com\\\/privacy\\\/#breadcrumb\",\"itemListElement\":[{\"@type\":\"ListItem\",\"position\":1,\"name\":\"Home\",\"item\":\"https:\\\/\\\/www.cozumelsnorkelcenter.com\\\/\"},{\"@type\":\"ListItem\",\"position\":2,\"name\":\"Privacy Policy\"}]},{\"@type\":\"WebSite\",\"@id\":\"https:\\\/\\\/www.cozumelsnorkelcenter.com\\\/#website\",\"url\":\"https:\\\/\\\/www.cozumelsnorkelcenter.com\\\/\",\"name\":\"Cozumel Snorkel Center\",\"description\":\"Welcome to Paradise\",\"publisher\":{\"@id\":\"https:\\\/\\\/www.cozumelsnorkelcenter.com\\\/#organization\"},\"potentialAction\":[{\"@type\":\"SearchAction\",\"target\":{\"@type\":\"EntryPoint\",\"urlTemplate\":\"https:\\\/\\\/www.cozumelsnorkelcenter.com\\\/?s={search_term_string}\"},\"query-input\":{\"@type\":\"PropertyValueSpecification\",\"valueRequired\":true,\"valueName\":\"search_term_string\"}}],\"inLanguage\":\"es\"},{\"@type\":\"Organization\",\"@id\":\"https:\\\/\\\/www.cozumelsnorkelcenter.com\\\/#organization\",\"name\":\"Cozumel Snorkel Center\",\"url\":\"https:\\\/\\\/www.cozumelsnorkelcenter.com\\\/\",\"logo\":{\"@type\":\"ImageObject\",\"inLanguage\":\"es\",\"@id\":\"https:\\\/\\\/www.cozumelsnorkelcenter.com\\\/#\\\/schema\\\/logo\\\/image\\\/\",\"url\":\"https:\\\/\\\/www.cozumelsnorkelcenter.com\\\/wp-content\\\/uploads\\\/2022\\\/05\\\/snorkeling_in_sun.jpg\",\"contentUrl\":\"https:\\\/\\\/www.cozumelsnorkelcenter.com\\\/wp-content\\\/uploads\\\/2022\\\/05\\\/snorkeling_in_sun.jpg\",\"width\":2400,\"height\":1642,\"caption\":\"Cozumel Snorkel Center\"},\"image\":{\"@id\":\"https:\\\/\\\/www.cozumelsnorkelcenter.com\\\/#\\\/schema\\\/logo\\\/image\\\/\"},\"sameAs\":[\"https:\\\/\\\/www.facebook.com\\\/cozumelsnorkelcenter\",\"https:\\\/\\\/www.instagram.com\\\/cozumelsnorkelcenter\\\/\",\"https:\\\/\\\/vm.tiktok.com\\\/ZMLcpmsHk\\\/\"]}]}<\/script>\n<!-- \/ Yoast SEO plugin. -->","yoast_head_json":{"title":"Privacy Policy - Cozumel Snorkel Center","description":"Our privacy policy.","robots":{"index":"noindex","follow":"follow"},"og_locale":"es_MX","og_type":"article","og_title":"Privacy Policy - Cozumel Snorkel Center","og_description":"Our privacy policy.","og_url":"https:\/\/www.cozumelsnorkelcenter.com\/es\/privacy\/","og_site_name":"Cozumel Snorkel Center","article_publisher":"https:\/\/www.facebook.com\/cozumelsnorkelcenter","article_modified_time":"2022-05-24T21:29:22+00:00","og_image":[{"width":2400,"height":1642,"url":"https:\/\/www.cozumelsnorkelcenter.com\/wp-content\/uploads\/2022\/05\/snorkeling_in_sun.jpg","type":"image\/jpeg"}],"twitter_card":"summary_large_image","twitter_misc":{"Tiempo de lectura":"2 minutos"},"schema":{"@context":"https:\/\/schema.org","@graph":[{"@type":"WebPage","@id":"https:\/\/www.cozumelsnorkelcenter.com\/privacy\/","url":"https:\/\/www.cozumelsnorkelcenter.com\/privacy\/","name":"Privacy Policy - Cozumel Snorkel Center","isPartOf":{"@id":"https:\/\/www.cozumelsnorkelcenter.com\/#website"},"datePublished":"2022-05-05T20:45:49+00:00","dateModified":"2022-05-24T21:29:22+00:00","description":"Our privacy policy.","breadcrumb":{"@id":"https:\/\/www.cozumelsnorkelcenter.com\/privacy\/#breadcrumb"},"inLanguage":"es","potentialAction":[{"@type":"ReadAction","target":["https:\/\/www.cozumelsnorkelcenter.com\/privacy\/"]}]},{"@type":"BreadcrumbList","@id":"https:\/\/www.cozumelsnorkelcenter.com\/privacy\/#breadcrumb","itemListElement":[{"@type":"ListItem","position":1,"name":"Home","item":"https:\/\/www.cozumelsnorkelcenter.com\/"},{"@type":"ListItem","position":2,"name":"Privacy Policy"}]},{"@type":"WebSite","@id":"https:\/\/www.cozumelsnorkelcenter.com\/#website","url":"https:\/\/www.cozumelsnorkelcenter.com\/","name":"Cozumel Snorkel Center","description":"Welcome to Paradise","publisher":{"@id":"https:\/\/www.cozumelsnorkelcenter.com\/#organization"},"potentialAction":[{"@type":"SearchAction","target":{"@type":"EntryPoint","urlTemplate":"https:\/\/www.cozumelsnorkelcenter.com\/?s={search_term_string}"},"query-input":{"@type":"PropertyValueSpecification","valueRequired":true,"valueName":"search_term_string"}}],"inLanguage":"es"},{"@type":"Organization","@id":"https:\/\/www.cozumelsnorkelcenter.com\/#organization","name":"Cozumel Snorkel Center","url":"https:\/\/www.cozumelsnorkelcenter.com\/","logo":{"@type":"ImageObject","inLanguage":"es","@id":"https:\/\/www.cozumelsnorkelcenter.com\/#\/schema\/logo\/image\/","url":"https:\/\/www.cozumelsnorkelcenter.com\/wp-content\/uploads\/2022\/05\/snorkeling_in_sun.jpg","contentUrl":"https:\/\/www.cozumelsnorkelcenter.com\/wp-content\/uploads\/2022\/05\/snorkeling_in_sun.jpg","width":2400,"height":1642,"caption":"Cozumel Snorkel Center"},"image":{"@id":"https:\/\/www.cozumelsnorkelcenter.com\/#\/schema\/logo\/image\/"},"sameAs":["https:\/\/www.facebook.com\/cozumelsnorkelcenter","https:\/\/www.instagram.com\/cozumelsnorkelcenter\/","https:\/\/vm.tiktok.com\/ZMLcpmsHk\/"]}]}},"_links":{"self":[{"href":"https:\/\/www.cozumelsnorkelcenter.com\/es\/wp-json\/wp\/v2\/pages\/5","targetHints":{"allow":["GET"]}}],"collection":[{"href":"https:\/\/www.cozumelsnorkelcenter.com\/es\/wp-json\/wp\/v2\/pages"}],"about":[{"href":"https:\/\/www.cozumelsnorkelcenter.com\/es\/wp-json\/wp\/v2\/types\/page"}],"author":[{"embeddable":true,"href":"https:\/\/www.cozumelsnorkelcenter.com\/es\/wp-json\/wp\/v2\/users\/1"}],"replies":[{"embeddable":true,"href":"https:\/\/www.cozumelsnorkelcenter.com\/es\/wp-json\/wp\/v2\/comments?post=5"}],"version-history":[{"count":0,"href":"https:\/\/www.cozumelsnorkelcenter.com\/es\/wp-json\/wp\/v2\/pages\/5\/revisions"}],"wp:attachment":[{"href":"https:\/\/www.cozumelsnorkelcenter.com\/es\/wp-json\/wp\/v2\/media?parent=5"}],"curies":[{"name":"wp","href":"https:\/\/api.w.org\/{rel}","templated":true}]}}